{"id":4880,"date":"2026-03-12T13:45:13","date_gmt":"2026-03-12T11:45:13","guid":{"rendered":"https:\/\/koskarolyiskola.hu\/new\/?page_id=4880"},"modified":"2026-03-12T13:47:20","modified_gmt":"2026-03-12T11:47:20","slug":"iskolaelokeszito","status":"publish","type":"page","link":"https:\/\/koskarolyiskola.hu\/new\/iskolaelokeszito\/","title":{"rendered":"Iskolael\u0151k\u00e9sz\u00edt\u0151"},"content":{"rendered":"\t\t<div data-elementor-type=\"wp-page\" data-elementor-id=\"4880\" class=\"elementor elementor-4880\" data-elementor-post-type=\"page\">\n\t\t\t\t\t\t<section class=\"elementor-section elementor-top-section elementor-element elementor-element-7054fed4 elementor-section-content-middle elementor-section-boxed elementor-section-height-default elementor-section-height-default\" data-id=\"7054fed4\" data-element_type=\"section\" data-e-type=\"section\" data-settings=\"{&quot;background_background&quot;:&quot;classic&quot;}\">\n\t\t\t\t\t\t<div class=\"elementor-container elementor-column-gap-default\">\n\t\t\t\t\t<div class=\"elementor-column elementor-col-100 elementor-top-column elementor-element elementor-element-1d95aa45\" data-id=\"1d95aa45\" data-element_type=\"column\" data-e-type=\"column\" data-settings=\"{&quot;background_background&quot;:&quot;classic&quot;,&quot;background_motion_fx_motion_fx_scrolling&quot;:&quot;yes&quot;,&quot;background_motion_fx_opacity_effect&quot;:&quot;yes&quot;,&quot;background_motion_fx_blur_effect&quot;:&quot;yes&quot;,&quot;background_motion_fx_blur_level&quot;:{&quot;unit&quot;:&quot;px&quot;,&quot;size&quot;:3,&quot;sizes&quot;:[]},&quot;background_motion_fx_opacity_direction&quot;:&quot;out-in&quot;,&quot;background_motion_fx_opacity_level&quot;:{&quot;unit&quot;:&quot;px&quot;,&quot;size&quot;:10,&quot;sizes&quot;:[]},&quot;background_motion_fx_opacity_range&quot;:{&quot;unit&quot;:&quot;%&quot;,&quot;size&quot;:&quot;&quot;,&quot;sizes&quot;:{&quot;start&quot;:20,&quot;end&quot;:80}},&quot;background_motion_fx_blur_direction&quot;:&quot;out-in&quot;,&quot;background_motion_fx_blur_range&quot;:{&quot;unit&quot;:&quot;%&quot;,&quot;size&quot;:&quot;&quot;,&quot;sizes&quot;:{&quot;start&quot;:20,&quot;end&quot;:80}},&quot;background_motion_fx_devices&quot;:[&quot;desktop&quot;,&quot;tablet&quot;,&quot;mobile&quot;]}\">\n\t\t\t<div class=\"elementor-widget-wrap elementor-element-populated\">\n\t\t\t\t\t<div class=\"elementor-background-overlay\"><\/div>\n\t\t\t\t\t\t<section class=\"elementor-section elementor-inner-section elementor-element elementor-element-6c6f285d elementor-section-content-middle elementor-section-boxed elementor-section-height-default elementor-section-height-default\" data-id=\"6c6f285d\" data-element_type=\"section\" data-e-type=\"section\">\n\t\t\t\t\t\t<div class=\"elementor-container elementor-column-gap-default\">\n\t\t\t\t\t<div class=\"elementor-column elementor-col-100 elementor-inner-column elementor-element elementor-element-682c76e\" data-id=\"682c76e\" data-element_type=\"column\" data-e-type=\"column\">\n\t\t\t<div class=\"elementor-widget-wrap elementor-element-populated\">\n\t\t\t\t\t\t<div class=\"elementor-element elementor-element-71b620b2 elementor-widget__width-auto elementor-widget elementor-widget-image\" data-id=\"71b620b2\" data-element_type=\"widget\" data-e-type=\"widget\" data-widget_type=\"image.default\">\n\t\t\t\t<div class=\"elementor-widget-container\">\n\t\t\t\t\t\t\t\t\t\t\t\t\t\t\t<img decoding=\"async\" width=\"300\" height=\"100\" src=\"https:\/\/koskarolyiskola.hu\/new\/wp-content\/uploads\/2025\/10\/kos-karoly-logo_v9_vect-01-300x100.png\" class=\"attachment-medium size-medium wp-image-3949\" alt=\"\" srcset=\"https:\/\/koskarolyiskola.hu\/new\/wp-content\/uploads\/2025\/10\/kos-karoly-logo_v9_vect-01-300x100.png 300w, https:\/\/koskarolyiskola.hu\/new\/wp-content\/uploads\/2025\/10\/kos-karoly-logo_v9_vect-01-1024x342.png 1024w, https:\/\/koskarolyiskola.hu\/new\/wp-content\/uploads\/2025\/10\/kos-karoly-logo_v9_vect-01-768x257.png 768w, https:\/\/koskarolyiskola.hu\/new\/wp-content\/uploads\/2025\/10\/kos-karoly-logo_v9_vect-01.png 1122w\" sizes=\"(max-width: 300px) 100vw, 300px\" \/>\t\t\t\t\t\t\t\t\t\t\t\t\t\t\t<\/div>\n\t\t\t\t<\/div>\n\t\t\t\t\t<\/div>\n\t\t<\/div>\n\t\t\t\t\t<\/div>\n\t\t<\/section>\n\t\t\t\t\t<\/div>\n\t\t<\/div>\n\t\t\t\t\t<\/div>\n\t\t<\/section>\n\t\t\t\t<section class=\"elementor-section elementor-top-section elementor-element elementor-element-7e88be7a elementor-section-boxed elementor-section-height-default elementor-section-height-default\" data-id=\"7e88be7a\" data-element_type=\"section\" data-e-type=\"section\">\n\t\t\t\t\t\t<div class=\"elementor-container elementor-column-gap-default\">\n\t\t\t\t\t<div class=\"elementor-column elementor-col-50 elementor-top-column elementor-element elementor-element-3e3ef9b6\" data-id=\"3e3ef9b6\" data-element_type=\"column\" data-e-type=\"column\">\n\t\t\t<div class=\"elementor-widget-wrap elementor-element-populated\">\n\t\t\t\t\t\t<div class=\"elementor-element elementor-element-5930476e elementor-widget elementor-widget-heading\" data-id=\"5930476e\" data-element_type=\"widget\" data-e-type=\"widget\" data-widget_type=\"heading.default\">\n\t\t\t\t<div class=\"elementor-widget-container\">\n\t\t\t\t\t<h2 class=\"elementor-heading-title elementor-size-default\">Jelentkez\u00e9s iskolael\u0151k\u00e9sz\u00edt\u0151re<\/h2>\t\t\t\t<\/div>\n\t\t\t\t<\/div>\n\t\t\t\t<div class=\"elementor-element elementor-element-517b6daf elementor-widget elementor-widget-shortcode\" data-id=\"517b6daf\" data-element_type=\"widget\" data-e-type=\"widget\" data-widget_type=\"shortcode.default\">\n\t\t\t\t<div class=\"elementor-widget-container\">\n\t\t\t\t\t\t\t<div class=\"elementor-shortcode\"><div id='ff_form_13' class='ff_form_not_render'>Sajn\u00e1ljuk, de m\u00e1r az \u00f6sszes f\u00e9r\u0151hely megtelt.<\/div><\/div>\n\t\t\t\t\t\t<\/div>\n\t\t\t\t<\/div>\n\t\t\t\t\t<\/div>\n\t\t<\/div>\n\t\t\t\t<div class=\"elementor-column elementor-col-50 elementor-top-column elementor-element elementor-element-3420b02b\" data-id=\"3420b02b\" data-element_type=\"column\" data-e-type=\"column\">\n\t\t\t<div class=\"elementor-widget-wrap\">\n\t\t\t\t\t\t\t<\/div>\n\t\t<\/div>\n\t\t\t\t\t<\/div>\n\t\t<\/section>\n\t\t\t\t<\/div>\n\t\t","protected":false},"excerpt":{"rendered":"<p>Jelentkez\u00e9s iskolael\u0151k\u00e9sz\u00edt\u0151re<\/p>\n","protected":false},"author":4,"featured_media":0,"parent":0,"menu_order":0,"comment_status":"closed","ping_status":"closed","template":"elementor_canvas","meta":{"_crdt_document":"","footnotes":""},"class_list":["post-4880","page","type-page","status-publish"],"_links":{"self":[{"href":"https:\/\/koskarolyiskola.hu\/new\/wp-json\/wp\/v2\/pages\/4880","targetHints":{"allow":["GET"]}}],"collection":[{"href":"https:\/\/koskarolyiskola.hu\/new\/wp-json\/wp\/v2\/pages"}],"about":[{"href":"https:\/\/koskarolyiskola.hu\/new\/wp-json\/wp\/v2\/types\/page"}],"author":[{"embeddable":true,"href":"https:\/\/koskarolyiskola.hu\/new\/wp-json\/wp\/v2\/users\/4"}],"replies":[{"embeddable":true,"href":"https:\/\/koskarolyiskola.hu\/new\/wp-json\/wp\/v2\/comments?post=4880"}],"version-history":[{"count":4,"href":"https:\/\/koskarolyiskola.hu\/new\/wp-json\/wp\/v2\/pages\/4880\/revisions"}],"predecessor-version":[{"id":4886,"href":"https:\/\/koskarolyiskola.hu\/new\/wp-json\/wp\/v2\/pages\/4880\/revisions\/4886"}],"wp:attachment":[{"href":"https:\/\/koskarolyiskola.hu\/new\/wp-json\/wp\/v2\/media?parent=4880"}],"curies":[{"name":"wp","href":"https:\/\/api.w.org\/{rel}","templated":true}]}}